{"id":1039,"date":"2024-08-05T19:50:47","date_gmt":"2024-08-05T17:50:47","guid":{"rendered":"http:\/\/sarahturquety.fr\/?page_id=1039"},"modified":"2024-08-05T19:52:37","modified_gmt":"2024-08-05T17:52:37","slug":"avec-amareya-theatre-gdansk-pologne","status":"publish","type":"page","link":"https:\/\/sarahturquety.fr\/?page_id=1039","title":{"rendered":"Amareya Th\u00e9\u00e2tre, Gdansk, Pologne"},"content":{"rendered":"<p>Apr\u00e8s s&rsquo;\u00eatre crois\u00e9es vers Cracow, Pologne, en 2019, lors de la premi\u00e8re r\u00e9sidence de recherche des \u00ab\u00a0Seeds Artistes\u00a0\u00bb, port\u00e9es par Core Dance, puis s&rsquo;\u00eatre retrouv\u00e9es en 2022 \u00e0 divers reprises pour le film Home (France\/USA\/Pologne), puis pour <em>No Time To lose<\/em> (Cracow), Amareya Th\u00e9\u00e2tre, Coralie Neuville et moi avons ouvert une recherche commune intitul\u00e9e <em>Instabilit\u00e9s naturelles. <\/em>Le premier volet s&rsquo;est d\u00e9velopp\u00e9 entre Gdansk et Saint Antonin Noble Val en septembre 2023, nous sommes en train de penser le deuxi\u00e8me volet.<\/p>\n","protected":false},"excerpt":{"rendered":"<p>Apr\u00e8s s&rsquo;\u00eatre crois\u00e9es vers Cracow, Pologne, en 2019, lors de la premi\u00e8re r\u00e9sidence de recherche des \u00ab\u00a0Seeds Artistes\u00a0\u00bb, port\u00e9es par Core Dance, puis s&rsquo;\u00eatre retrouv\u00e9es en 2022 \u00e0 divers reprises pour le film Home (France\/USA\/Pologne),&hellip;<\/p>\n","protected":false},"author":1,"featured_media":1040,"parent":0,"menu_order":0,"comment_status":"closed","ping_status":"closed","template":"","meta":{"footnotes":""},"class_list":["post-1039","page","type-page","status-publish","has-post-thumbnail","hentry","comments-off"],"_links":{"self":[{"href":"https:\/\/sarahturquety.fr\/index.php?rest_route=\/wp\/v2\/pages\/1039","targetHints":{"allow":["GET"]}}],"collection":[{"href":"https:\/\/sarahturquety.fr\/index.php?rest_route=\/wp\/v2\/pages"}],"about":[{"href":"https:\/\/sarahturquety.fr\/index.php?rest_route=\/wp\/v2\/types\/page"}],"author":[{"embeddable":true,"href":"https:\/\/sarahturquety.fr\/index.php?rest_route=\/wp\/v2\/users\/1"}],"replies":[{"embeddable":true,"href":"https:\/\/sarahturquety.fr\/index.php?rest_route=%2Fwp%2Fv2%2Fcomments&post=1039"}],"version-history":[{"count":2,"href":"https:\/\/sarahturquety.fr\/index.php?rest_route=\/wp\/v2\/pages\/1039\/revisions"}],"predecessor-version":[{"id":1043,"href":"https:\/\/sarahturquety.fr\/index.php?rest_route=\/wp\/v2\/pages\/1039\/revisions\/1043"}],"wp:featuredmedia":[{"embeddable":true,"href":"https:\/\/sarahturquety.fr\/index.php?rest_route=\/wp\/v2\/media\/1040"}],"wp:attachment":[{"href":"https:\/\/sarahturquety.fr\/index.php?rest_route=%2Fwp%2Fv2%2Fmedia&parent=1039"}],"curies":[{"name":"wp","href":"https:\/\/api.w.org\/{rel}","templated":true}]}}