{"id":1271,"date":"2026-01-12T09:29:23","date_gmt":"2026-01-12T08:29:23","guid":{"rendered":"https:\/\/sarahturquety.fr\/?page_id=1271"},"modified":"2026-01-12T10:05:52","modified_gmt":"2026-01-12T09:05:52","slug":"pression-traction-compression-et-voies-deau","status":"publish","type":"page","link":"https:\/\/sarahturquety.fr\/?page_id=1271","title":{"rendered":"Volet 1\/ pression traction compression et voies d&rsquo;eau"},"content":{"rendered":"\n<p><em>La traction te m\u00e8ne \u00e0 la rupture, la compression \u00e0 l\u2019\u00e9touffement.<\/em><\/p>\n\n\n\n<p><\/p>\n","protected":false},"excerpt":{"rendered":"<p>La traction te m\u00e8ne \u00e0 la rupture, la compression \u00e0 l\u2019\u00e9touffement.<\/p>\n","protected":false},"author":1,"featured_media":1274,"parent":0,"menu_order":0,"comment_status":"closed","ping_status":"closed","template":"","meta":{"footnotes":""},"class_list":["post-1271","page","type-page","status-publish","has-post-thumbnail","hentry","comments-off"],"_links":{"self":[{"href":"https:\/\/sarahturquety.fr\/index.php?rest_route=\/wp\/v2\/pages\/1271","targetHints":{"allow":["GET"]}}],"collection":[{"href":"https:\/\/sarahturquety.fr\/index.php?rest_route=\/wp\/v2\/pages"}],"about":[{"href":"https:\/\/sarahturquety.fr\/index.php?rest_route=\/wp\/v2\/types\/page"}],"author":[{"embeddable":true,"href":"https:\/\/sarahturquety.fr\/index.php?rest_route=\/wp\/v2\/users\/1"}],"replies":[{"embeddable":true,"href":"https:\/\/sarahturquety.fr\/index.php?rest_route=%2Fwp%2Fv2%2Fcomments&post=1271"}],"version-history":[{"count":3,"href":"https:\/\/sarahturquety.fr\/index.php?rest_route=\/wp\/v2\/pages\/1271\/revisions"}],"predecessor-version":[{"id":1285,"href":"https:\/\/sarahturquety.fr\/index.php?rest_route=\/wp\/v2\/pages\/1271\/revisions\/1285"}],"wp:featuredmedia":[{"embeddable":true,"href":"https:\/\/sarahturquety.fr\/index.php?rest_route=\/wp\/v2\/media\/1274"}],"wp:attachment":[{"href":"https:\/\/sarahturquety.fr\/index.php?rest_route=%2Fwp%2Fv2%2Fmedia&parent=1271"}],"curies":[{"name":"wp","href":"https:\/\/api.w.org\/{rel}","templated":true}]}}