{"id":1276,"date":"2026-01-12T09:51:27","date_gmt":"2026-01-12T08:51:27","guid":{"rendered":"https:\/\/sarahturquety.fr\/?page_id=1276"},"modified":"2026-01-12T09:51:27","modified_gmt":"2026-01-12T08:51:27","slug":"cest-intime-lamour-le-capitalisme","status":"publish","type":"page","link":"https:\/\/sarahturquety.fr\/?page_id=1276","title":{"rendered":"c&rsquo;est intime, l&rsquo;amour, le capitalisme"},"content":{"rendered":"\n<p><br>Vous aimez de\u0301ja\u0300 l\u2019expe\u0301rience, dit le prospectus. Appre\u0301ciation sur commande, impe\u0301rative. <br>Tout entre. Je n\u2019ai aucun espace pour me prot\u00e9ger, dans mes r\u00eaves m\u00eame \u00e7a entre, s\u2019invite, s\u2019insinue, en bas de ma chambre, autour de ma maison, c\u2019est l\u00e0. Il y a cet envahissement. Je n\u2019ai jamais dit : entre. Ou bien sans savoir. Maintenant c\u2019est l\u00e0. <\/p>\n\n\n\n<p><\/p>\n","protected":false},"excerpt":{"rendered":"<p>Vous aimez de\u0301ja\u0300 l\u2019expe\u0301rience, dit le prospectus. Appre\u0301ciation sur commande, impe\u0301rative. Tout entre. Je n\u2019ai aucun espace pour me prot\u00e9ger, dans mes r\u00eaves m\u00eame \u00e7a entre, s\u2019invite, s\u2019insinue, en bas de ma chambre, autour de&hellip;<\/p>\n","protected":false},"author":1,"featured_media":1261,"parent":0,"menu_order":0,"comment_status":"closed","ping_status":"closed","template":"","meta":{"footnotes":""},"class_list":["post-1276","page","type-page","status-publish","has-post-thumbnail","hentry","comments-off"],"_links":{"self":[{"href":"https:\/\/sarahturquety.fr\/index.php?rest_route=\/wp\/v2\/pages\/1276","targetHints":{"allow":["GET"]}}],"collection":[{"href":"https:\/\/sarahturquety.fr\/index.php?rest_route=\/wp\/v2\/pages"}],"about":[{"href":"https:\/\/sarahturquety.fr\/index.php?rest_route=\/wp\/v2\/types\/page"}],"author":[{"embeddable":true,"href":"https:\/\/sarahturquety.fr\/index.php?rest_route=\/wp\/v2\/users\/1"}],"replies":[{"embeddable":true,"href":"https:\/\/sarahturquety.fr\/index.php?rest_route=%2Fwp%2Fv2%2Fcomments&post=1276"}],"version-history":[{"count":1,"href":"https:\/\/sarahturquety.fr\/index.php?rest_route=\/wp\/v2\/pages\/1276\/revisions"}],"predecessor-version":[{"id":1277,"href":"https:\/\/sarahturquety.fr\/index.php?rest_route=\/wp\/v2\/pages\/1276\/revisions\/1277"}],"wp:featuredmedia":[{"embeddable":true,"href":"https:\/\/sarahturquety.fr\/index.php?rest_route=\/wp\/v2\/media\/1261"}],"wp:attachment":[{"href":"https:\/\/sarahturquety.fr\/index.php?rest_route=%2Fwp%2Fv2%2Fmedia&parent=1276"}],"curies":[{"name":"wp","href":"https:\/\/api.w.org\/{rel}","templated":true}]}}