{"id":250,"date":"2018-11-21T21:49:45","date_gmt":"2018-11-21T20:49:45","guid":{"rendered":"http:\/\/sarahturquety.fr\/?page_id=250"},"modified":"2022-12-08T09:14:26","modified_gmt":"2022-12-08T08:14:26","slug":"et-aussi","status":"publish","type":"page","link":"https:\/\/sarahturquety.fr\/?page_id=250","title":{"rendered":"Sonnets 3 fois"},"content":{"rendered":"<p><span style=\"color: #000000;\"><strong><a style=\"color: #000000;\" href=\"http:\/\/www.sonnets3fois.fr\/\">Depuis<\/a> 2012 &#8211; &#8230;<\/strong><\/span><\/p>\n<div class=\"entry-content\">\n<p>L\u2019association Sonnets 3 fois est n\u00e9e d\u2019une rencontre en janvier 2012 entre Coralie Neuville et moi, toutes deux issues respectivement de la danse-th\u00e9\u00e2tre et de la po\u00e9sie-performance. De l\u2019envie d\u2019explorer, de transformer les relations entre le dehors et l\u2019intime (places, rues, maisons, repr\u00e9sentations), a d\u00e9coul\u00e9 en mars 2012 une proposition d\u2019actions sur une base d\u2019une \u00e9thique commune : accueillir, soutenir, s\u2019autoriser, inclure, rendre poreuses les fronti\u00e8res, toucher et se laisser toucher. Comme nous approfondissons ces arts de la transformation que sont le Body mind centering et la Technique Alexander, nous avons progressivement int\u00e9gr\u00e9 dans nos visions les notions de soin, d\u2019attention, de sensibles.<\/p>\n<p>Consid\u00e9rant notre lieu de vie comme premier espace sur lequel agir, nous nous investissons depuis 10 ans sur le territoire Saint Antonin\/Penne\/Vaour (81-82).<br \/>\n\u2013 en cr\u00e9ant des performances collectives, pens\u00e9es pour et avec les habitantes, habitants, du territoire, pr\u00e9sent\u00e9e dans l\u2019espace public pour renouvelant les \u00e9quilibres en pr\u00e9sence : Ulmus r\u00e9sista, 2016 (autour de Sivens), M\u2019avions pas dit, 2018 (sur le post partum), Peau neuve, 2022 (autour de la m\u00e9nopause)\u2026<br \/>\n\u2013 en invitant des artistes via une programmation mensuelle : rendez-vous de po\u00e9sie, danse, performance, dont le premier acte se d\u00e9roule sur la place publique puis au chaud chez l\u2019habitant (10\u00e8me saison)<br \/>\n\u2013 En accompagnant les propositions de cr\u00e9ations collectives d\u2019autres artistes, telles la chor\u00e9graphe ost\u00e9opathe Julie Nioche (L\u2019impass\u00e9.e, 2022), la chor\u00e9graphe Sue Schroeder, Core dance, Atlanta (Labyrinthe, 2016).<br \/>\n\u2013 en soutenant une dynamique d\u2019appropriation des pratiques artistiques et somatiques via des stages et des ateliers<br \/>\n\u2013 En ouvrant les perspectives par des relations r\u00e9guli\u00e8res avec des mouvements politiques et artistiques \u00e0 dimension internationale : comme Alternate Roots (association d\u2019artistes pour l\u2019\u00e9galit\u00e9 des droits, USA), via la compagnie Core dance (Atlanta). 8 ann\u00e9es de collaboration : accueil de 5 pi\u00e8ces de la compagnie, cr\u00e9ation d\u2019une performance pour la compagnie (N\u2019attends pas du nouveau qu\u2019il te sauve, 2019), actrices pour le film Home (2022), artistes associ\u00e9es \u00e0 la cr\u00e9ation du centre d\u2019art Roza (Pologne).<\/p>\n<p>En parall\u00e8le Sonnets 3 fois produit, soutient et diffuse nos cr\u00e9ations personnelles et communes :<br \/>\n\u2013 Corps de m\u00e9tier, 1\/ Boulang\u00e8res, boulangers, par Coralie Neuville et moi<br \/>\n\u2013 Pelures, par Coralie Neuville<br \/>\n\u2013 Pourtours, Script Album, Si tout se resserre, Sur les \u00e9paules le cou, mes performances<\/p>\n<\/div>\n","protected":false},"excerpt":{"rendered":"<p>Depuis 2012 &#8211; &#8230; L\u2019association Sonnets 3 fois est n\u00e9e d\u2019une rencontre en janvier 2012 entre Coralie Neuville et moi, toutes deux issues respectivement de la danse-th\u00e9\u00e2tre et de la po\u00e9sie-performance. De l\u2019envie d\u2019explorer, de&hellip;<\/p>\n","protected":false},"author":1,"featured_media":701,"parent":0,"menu_order":0,"comment_status":"closed","ping_status":"closed","template":"","meta":{"footnotes":""},"class_list":["post-250","page","type-page","status-publish","has-post-thumbnail","hentry","comments-off"],"_links":{"self":[{"href":"https:\/\/sarahturquety.fr\/index.php?rest_route=\/wp\/v2\/pages\/250","targetHints":{"allow":["GET"]}}],"collection":[{"href":"https:\/\/sarahturquety.fr\/index.php?rest_route=\/wp\/v2\/pages"}],"about":[{"href":"https:\/\/sarahturquety.fr\/index.php?rest_route=\/wp\/v2\/types\/page"}],"author":[{"embeddable":true,"href":"https:\/\/sarahturquety.fr\/index.php?rest_route=\/wp\/v2\/users\/1"}],"replies":[{"embeddable":true,"href":"https:\/\/sarahturquety.fr\/index.php?rest_route=%2Fwp%2Fv2%2Fcomments&post=250"}],"version-history":[{"count":13,"href":"https:\/\/sarahturquety.fr\/index.php?rest_route=\/wp\/v2\/pages\/250\/revisions"}],"predecessor-version":[{"id":836,"href":"https:\/\/sarahturquety.fr\/index.php?rest_route=\/wp\/v2\/pages\/250\/revisions\/836"}],"wp:featuredmedia":[{"embeddable":true,"href":"https:\/\/sarahturquety.fr\/index.php?rest_route=\/wp\/v2\/media\/701"}],"wp:attachment":[{"href":"https:\/\/sarahturquety.fr\/index.php?rest_route=%2Fwp%2Fv2%2Fmedia&parent=250"}],"curies":[{"name":"wp","href":"https:\/\/api.w.org\/{rel}","templated":true}]}}