{"id":35,"date":"2018-10-16T10:13:46","date_gmt":"2018-10-16T08:13:46","guid":{"rendered":"http:\/\/sarahturquety.fr\/?page_id=35"},"modified":"2022-08-20T12:57:11","modified_gmt":"2022-08-20T10:57:11","slug":"pourtours","status":"publish","type":"page","link":"https:\/\/sarahturquety.fr\/?page_id=35","title":{"rendered":"Pourtours"},"content":{"rendered":"<p><span style=\"color: #000000;\"><strong>Pourtours est une performance construite en relation avec pourtours.fr, un site po\u00e8me exp\u00e9rimental, une cartographie de la relation. <\/strong>A partir de textes issus du site et d\u2019un film d\u2019animation mettant en sc\u00e8ne des lettres, des symboles, des mots parfois, Sarah Turquety, po\u00e8te, performeuse, et Ingrid Obled, compositrice, musicienne, catalysent le mouvement du jour afin de mettre \u00e0 nu des mythes intimes et collectifs, afin de d\u00e9faire et par l\u00e0 m\u00eame, de relier.<\/span><\/p>\n<p><iframe loading=\"lazy\" src=\"https:\/\/www.youtube.com\/embed\/WwkW7RLe1Xw\" width=\"560\" height=\"315\" frameborder=\"0\" allowfullscreen=\"allowfullscreen\"><\/iframe><\/p>\n<p><span style=\"color: #000000;\"><strong>La performance s\u2019ouvre avec une adresse directe au public, un chemin tiss\u00e9 entre les \u00e9l\u00e9ments de la carte, le public, l\u2019\u00e9poque, le lieu.<\/strong> Intimit\u00e9, tension, fou rire. Sarah Turquety \u00e9voque ces entit\u00e9s, elles s\u2019invitent et t\u00e9lescopent la proposition du jour. Voil\u00e0 qui d\u00e9fait un discours.<\/span><br \/>\n<span style=\"color: #000000;\"><strong>En alternance avec ces moments nus, la po\u00e8te et Ingrid Obled<\/strong> <strong>proposent une immersion<\/strong> dans un monde de subjectivit\u00e9s additionn\u00e9es. Le minimalisme de la musique, le rythme ent\u00eatant donnent aux fragments d\u00e9clam\u00e9s toute leur puissance. <strong>Nickelharpa, contrebasse, composition \u00e9lectroacoustique,<\/strong> la musicienne parvient par enchainement de boucles \u00e0 envouter, \u00e0 densifier l\u2019atmosph\u00e8re.<\/span><br \/>\n<span style=\"color: #000000;\"><strong>En arri\u00e8re-plan, un film d\u2019animation.<\/strong> Les lettres forment des images ou des mots, et les mots forment des phrases ou des paysages. Textes, sons, images ne font plus qu\u2019un ou au contraire se scindent, va et vient de l\u2019un \u00e0 l\u2019autre. Pourtours s\u2019appuie sur une esth\u00e9tique de la r\u00e9ception, de la suggestion, de la d\u00e9rive. Ce qui se passe lorsque l\u2019on effectue un pas de c\u00f4t\u00e9, quand les certitudes se d\u00e9racinent.<\/span><\/p>\n<div data-canvas-width=\"572.3943333333333\">\n<p><span style=\"color: #000000;\"><strong>Pour + : dossier de pr\u00e9sentation \u00e0 t\u00e9l\u00e9charger <a style=\"color: #000000;\" href=\"http:\/\/www.pourtours.fr\/pourtours.pdf\" target=\"_blank\" rel=\"noopener\">ici<\/a><\/strong><\/span><\/p>\n<\/div>\n<p><span style=\"color: #000000;\"><strong>Textes, voix, conception :<\/strong> Sarah Turquety<\/span><br \/>\n<span style=\"color: #000000;\"><strong>Composition, interpr\u00e9tation<\/strong> (Nickelharpa, contrebasse, looper, musique \u00e9lectroacoustique) : <a style=\"color: #000000;\" href=\"https:\/\/ingridobled.com\/\">Ingrid Obled<\/a><\/span><br \/>\n<span style=\"color: #000000;\"><strong>Film d&rsquo;animation : sonphonor<\/strong><\/span><br \/>\n<span style=\"color: #000000;\"><strong>Graphisme :<\/strong> <a style=\"color: #000000;\" href=\"http:\/\/gaellesandre.com\/\" target=\"_blank\" rel=\"noopener\">Ga\u00eblle Sandr\u00e9<\/a><\/span><br \/>\n<span style=\"color: #000000;\"><strong>50 min<br \/>\n<\/strong><\/span><\/p>\n<p><span style=\"color: #000000;\"><strong>Pourtours a \u00e9t\u00e9 accueillie en r\u00e9sidence de cr\u00e9ation \u00e0 La Cuisine, centre d&rsquo;art et de design, N\u00e8grepelisse, a re\u00e7u une bourse d&rsquo;\u00e9criture num\u00e9rique d&rsquo;Occitanie Livre et lecture.<\/strong><\/span><\/p>\n<p>&nbsp;<\/p>\n<p>&nbsp;<\/p>\n","protected":false},"excerpt":{"rendered":"<p>Pourtours est une performance construite en relation avec pourtours.fr, un site po\u00e8me exp\u00e9rimental, une cartographie de la relation. A partir de textes issus du site et d\u2019un film d\u2019animation mettant en sc\u00e8ne des lettres, des&hellip;<\/p>\n","protected":false},"author":1,"featured_media":108,"parent":0,"menu_order":0,"comment_status":"closed","ping_status":"closed","template":"","meta":{"footnotes":""},"class_list":["post-35","page","type-page","status-publish","has-post-thumbnail","hentry","comments-off"],"_links":{"self":[{"href":"https:\/\/sarahturquety.fr\/index.php?rest_route=\/wp\/v2\/pages\/35","targetHints":{"allow":["GET"]}}],"collection":[{"href":"https:\/\/sarahturquety.fr\/index.php?rest_route=\/wp\/v2\/pages"}],"about":[{"href":"https:\/\/sarahturquety.fr\/index.php?rest_route=\/wp\/v2\/types\/page"}],"author":[{"embeddable":true,"href":"https:\/\/sarahturquety.fr\/index.php?rest_route=\/wp\/v2\/users\/1"}],"replies":[{"embeddable":true,"href":"https:\/\/sarahturquety.fr\/index.php?rest_route=%2Fwp%2Fv2%2Fcomments&post=35"}],"version-history":[{"count":25,"href":"https:\/\/sarahturquety.fr\/index.php?rest_route=\/wp\/v2\/pages\/35\/revisions"}],"predecessor-version":[{"id":727,"href":"https:\/\/sarahturquety.fr\/index.php?rest_route=\/wp\/v2\/pages\/35\/revisions\/727"}],"wp:featuredmedia":[{"embeddable":true,"href":"https:\/\/sarahturquety.fr\/index.php?rest_route=\/wp\/v2\/media\/108"}],"wp:attachment":[{"href":"https:\/\/sarahturquety.fr\/index.php?rest_route=%2Fwp%2Fv2%2Fmedia&parent=35"}],"curies":[{"name":"wp","href":"https:\/\/api.w.org\/{rel}","templated":true}]}}