{"id":37,"date":"2018-10-16T10:14:13","date_gmt":"2018-10-16T08:14:13","guid":{"rendered":"http:\/\/sarahturquety.fr\/?page_id=37"},"modified":"2018-11-22T10:58:34","modified_gmt":"2018-11-22T09:58:34","slug":"script-album-2","status":"publish","type":"page","link":"https:\/\/sarahturquety.fr\/?page_id=37","title":{"rendered":"Ici. Dans cet espace"},"content":{"rendered":"<p><span style=\"color: #1e344a;\"><strong>Assembler les pi\u00e8ces d\u2019un puzzle sous-jacent, pour donner \u00e0 voir les possibles.<\/strong> <strong>Entre \u00e9criture et improvisation, une proposition dans laquelle j\u2019int\u00e8gre les spectateurs, devenus acteurs d\u2019un acte utopo\u00e9tique.<\/strong> <\/span><\/p>\n<p><span style=\"color: #1e344a;\"><strong>Apprentissage-minute de po\u00e8mes, improvisation, atelier d\u2019\u00e9criture\u2026 Une performance construite avec et pour les espaces o\u00f9 elle se d\u00e9roule \/ 1 heure.<br \/>\n<\/strong>Travers\u00e9e de l\u2019intime jusqu\u2019\u00e0 la Grande vibration et po\u00e8me sonore collectif pour appeler la pluie lors de la s\u00e9cheresse au festival Murmure du Son (31) ou po\u00e8me dynamite en japonais, en solidarit\u00e9 avec le peuple nippon mettant \u00e0 l\u2019arr\u00eat plusieurs centrales nucl\u00e9aires, O\u2019Babeltut (82).<\/span><\/p>\n<p><strong>\u00a0<\/strong><\/p>\n<div id='gallery-1' class='gallery galleryid-37 gallery-columns-3 gallery-size-medium'><figure class='gallery-item'>\n\t\t\t<div class='gallery-icon landscape'>\n\t\t\t\t<a href='https:\/\/sarahturquety.fr\/?attachment_id=173'><img loading=\"lazy\" decoding=\"async\" width=\"300\" height=\"193\" src=\"https:\/\/sarahturquety.fr\/wp-content\/uploads\/2018\/11\/Ici-dans-cet-espace-Eau-vive-Toulouse-300x193.jpg\" class=\"attachment-medium size-medium\" alt=\"\" aria-describedby=\"gallery-1-173\" srcset=\"https:\/\/sarahturquety.fr\/wp-content\/uploads\/2018\/11\/Ici-dans-cet-espace-Eau-vive-Toulouse-300x193.jpg 300w, https:\/\/sarahturquety.fr\/wp-content\/uploads\/2018\/11\/Ici-dans-cet-espace-Eau-vive-Toulouse-768x493.jpg 768w, https:\/\/sarahturquety.fr\/wp-content\/uploads\/2018\/11\/Ici-dans-cet-espace-Eau-vive-Toulouse-1024x657.jpg 1024w, https:\/\/sarahturquety.fr\/wp-content\/uploads\/2018\/11\/Ici-dans-cet-espace-Eau-vive-Toulouse-e1542144598228.jpg 935w\" sizes=\"auto, (max-width: 300px) 100vw, 300px\" \/><\/a>\n\t\t\t<\/div>\n\t\t\t\t<figcaption class='wp-caption-text gallery-caption' id='gallery-1-173'>\n\t\t\t\tIci. Dans cet espace\n\t\t\t\t<\/figcaption><\/figure><figure class='gallery-item'>\n\t\t\t<div class='gallery-icon portrait'>\n\t\t\t\t<a href='https:\/\/sarahturquety.fr\/?attachment_id=174'><img loading=\"lazy\" decoding=\"async\" width=\"200\" height=\"300\" src=\"https:\/\/sarahturquety.fr\/wp-content\/uploads\/2018\/11\/192-200x300.jpg\" class=\"attachment-medium size-medium\" alt=\"\" aria-describedby=\"gallery-1-174\" srcset=\"https:\/\/sarahturquety.fr\/wp-content\/uploads\/2018\/11\/192-200x300.jpg 200w, https:\/\/sarahturquety.fr\/wp-content\/uploads\/2018\/11\/192-768x1152.jpg 768w, https:\/\/sarahturquety.fr\/wp-content\/uploads\/2018\/11\/192-683x1024.jpg 683w, https:\/\/sarahturquety.fr\/wp-content\/uploads\/2018\/11\/192-e1542145535479.jpg 667w\" sizes=\"auto, (max-width: 200px) 100vw, 200px\" \/><\/a>\n\t\t\t<\/div>\n\t\t\t\t<figcaption class='wp-caption-text gallery-caption' id='gallery-1-174'>\n\t\t\t\tpour Les Ateliers d&rsquo;eau Vive\n\t\t\t\t<\/figcaption><\/figure><figure class='gallery-item'>\n\t\t\t<div class='gallery-icon landscape'>\n\t\t\t\t<a href='https:\/\/sarahturquety.fr\/?attachment_id=171'><img loading=\"lazy\" decoding=\"async\" width=\"300\" height=\"200\" src=\"https:\/\/sarahturquety.fr\/wp-content\/uploads\/2018\/11\/195-300x200.jpg\" class=\"attachment-medium size-medium\" alt=\"\" aria-describedby=\"gallery-1-171\" srcset=\"https:\/\/sarahturquety.fr\/wp-content\/uploads\/2018\/11\/195-300x200.jpg 300w, https:\/\/sarahturquety.fr\/wp-content\/uploads\/2018\/11\/195-768x512.jpg 768w, https:\/\/sarahturquety.fr\/wp-content\/uploads\/2018\/11\/195-1024x683.jpg 1024w\" sizes=\"auto, (max-width: 300px) 100vw, 300px\" \/><\/a>\n\t\t\t<\/div>\n\t\t\t\t<figcaption class='wp-caption-text gallery-caption' id='gallery-1-171'>\n\t\t\t\tA Toulouse\n\t\t\t\t<\/figcaption><\/figure>\n\t\t<\/div>\n\n<p><strong>\u00a0<\/strong><\/p>\n<p><strong>\u00a0<\/strong><\/p>\n","protected":false},"excerpt":{"rendered":"<p>Assembler les pi\u00e8ces d\u2019un puzzle sous-jacent, pour donner \u00e0 voir les possibles. Entre \u00e9criture et improvisation, une proposition dans laquelle j\u2019int\u00e8gre les spectateurs, devenus acteurs d\u2019un acte utopo\u00e9tique. Apprentissage-minute de po\u00e8mes, improvisation, atelier d\u2019\u00e9criture\u2026 Une&hellip;<\/p>\n","protected":false},"author":1,"featured_media":226,"parent":0,"menu_order":0,"comment_status":"closed","ping_status":"closed","template":"","meta":{"footnotes":""},"class_list":["post-37","page","type-page","status-publish","has-post-thumbnail","hentry","comments-off"],"_links":{"self":[{"href":"https:\/\/sarahturquety.fr\/index.php?rest_route=\/wp\/v2\/pages\/37","targetHints":{"allow":["GET"]}}],"collection":[{"href":"https:\/\/sarahturquety.fr\/index.php?rest_route=\/wp\/v2\/pages"}],"about":[{"href":"https:\/\/sarahturquety.fr\/index.php?rest_route=\/wp\/v2\/types\/page"}],"author":[{"embeddable":true,"href":"https:\/\/sarahturquety.fr\/index.php?rest_route=\/wp\/v2\/users\/1"}],"replies":[{"embeddable":true,"href":"https:\/\/sarahturquety.fr\/index.php?rest_route=%2Fwp%2Fv2%2Fcomments&post=37"}],"version-history":[{"count":10,"href":"https:\/\/sarahturquety.fr\/index.php?rest_route=\/wp\/v2\/pages\/37\/revisions"}],"predecessor-version":[{"id":300,"href":"https:\/\/sarahturquety.fr\/index.php?rest_route=\/wp\/v2\/pages\/37\/revisions\/300"}],"wp:featuredmedia":[{"embeddable":true,"href":"https:\/\/sarahturquety.fr\/index.php?rest_route=\/wp\/v2\/media\/226"}],"wp:attachment":[{"href":"https:\/\/sarahturquety.fr\/index.php?rest_route=%2Fwp%2Fv2%2Fmedia&parent=37"}],"curies":[{"name":"wp","href":"https:\/\/api.w.org\/{rel}","templated":true}]}}