{"id":377,"date":"2019-09-10T14:26:35","date_gmt":"2019-09-10T12:26:35","guid":{"rendered":"http:\/\/sarahturquety.fr\/?page_id=377"},"modified":"2022-08-20T12:07:22","modified_gmt":"2022-08-20T10:07:22","slug":"mavions-pas-dit","status":"publish","type":"page","link":"https:\/\/sarahturquety.fr\/?page_id=377","title":{"rendered":"M&rsquo;avions pas dit"},"content":{"rendered":"<div>\n<p><span style=\"color: #000000;\"><em>Une co-cr\u00e9ation de Coralie Neuville (danseuse), Aurore Lerat (metteur en sc\u00e8ne) et moi-m\u00eame entre novembre 2018 et juin 2019.\u00a0Bon, je laisse la trace de cette belle aventure, mais la pi\u00e8ce ne tournera plus&#8230; Sauf si vous souhaitez la reprendre !<br \/>\n<\/em><\/span><\/p>\n<\/div>\n<div><span style=\"color: #000000;\">11 jeunes <span class=\"il\">m<\/span>\u00e8res traversent, mettent \u00e0 distance,<\/span><\/div>\n<div><span style=\"color: #000000;\">partagent sans tabou leur exp\u00e9rience de la maternit\u00e9.<\/span><\/div>\n<div><span style=\"color: #000000;\">Une cr\u00e9ation autour du post-partum, cette expression latine<\/span><\/div>\n<div><span style=\"color: #000000;\">que l\u2019on ne prononce qu\u2019accol\u00e9e au mot d\u00e9pression.<\/span><\/div>\n<div><span style=\"color: #000000;\">Pourquoi ne <span class=\"il\">pas<\/span> parler plut\u00f4t de fatigue post-partum, de solitude post-partum, de pr\u00e9carit\u00e9, d\u2019inattendu, d\u2019amour bien s\u00fbr, et de d\u00e9sirs, de ces vies.<\/span><\/div>\n<div><span style=\"color: #000000;\">Une forme artistique \u00e9manant d\u2019ateliers d\u2019\u00e9criture, de danse et de th\u00e9\u00e2tre.<\/span><\/div>\n","protected":false},"excerpt":{"rendered":"<p>Une co-cr\u00e9ation de Coralie Neuville (danseuse), Aurore Lerat (metteur en sc\u00e8ne) et moi-m\u00eame entre novembre 2018 et juin 2019.\u00a0Bon, je laisse la trace de cette belle aventure, mais la pi\u00e8ce ne tournera plus&#8230; Sauf si&hellip;<\/p>\n","protected":false},"author":1,"featured_media":392,"parent":0,"menu_order":0,"comment_status":"closed","ping_status":"closed","template":"","meta":{"footnotes":""},"class_list":["post-377","page","type-page","status-publish","has-post-thumbnail","hentry","comments-off"],"_links":{"self":[{"href":"https:\/\/sarahturquety.fr\/index.php?rest_route=\/wp\/v2\/pages\/377","targetHints":{"allow":["GET"]}}],"collection":[{"href":"https:\/\/sarahturquety.fr\/index.php?rest_route=\/wp\/v2\/pages"}],"about":[{"href":"https:\/\/sarahturquety.fr\/index.php?rest_route=\/wp\/v2\/types\/page"}],"author":[{"embeddable":true,"href":"https:\/\/sarahturquety.fr\/index.php?rest_route=\/wp\/v2\/users\/1"}],"replies":[{"embeddable":true,"href":"https:\/\/sarahturquety.fr\/index.php?rest_route=%2Fwp%2Fv2%2Fcomments&post=377"}],"version-history":[{"count":7,"href":"https:\/\/sarahturquety.fr\/index.php?rest_route=\/wp\/v2\/pages\/377\/revisions"}],"predecessor-version":[{"id":1295,"href":"https:\/\/sarahturquety.fr\/index.php?rest_route=\/wp\/v2\/pages\/377\/revisions\/1295"}],"wp:featuredmedia":[{"embeddable":true,"href":"https:\/\/sarahturquety.fr\/index.php?rest_route=\/wp\/v2\/media\/392"}],"wp:attachment":[{"href":"https:\/\/sarahturquety.fr\/index.php?rest_route=%2Fwp%2Fv2%2Fmedia&parent=377"}],"curies":[{"name":"wp","href":"https:\/\/api.w.org\/{rel}","templated":true}]}}