{"id":380,"date":"2019-09-10T14:43:39","date_gmt":"2019-09-10T12:43:39","guid":{"rendered":"http:\/\/sarahturquety.fr\/?page_id=380"},"modified":"2022-08-20T12:17:55","modified_gmt":"2022-08-20T10:17:55","slug":"core-dance-company-2","status":"publish","type":"page","link":"https:\/\/sarahturquety.fr\/?page_id=380","title":{"rendered":"Core Dance Company"},"content":{"rendered":"<p><span style=\"color: #000000;\"><em>Pr\u00e8s de 10 ans que les rencontres s&rsquo;approfondissent pas \u00e0 pas avec Sue Schroeder et la Cie <a style=\"color: #000000;\" href=\"https:\/\/www.coredance.org\" target=\"_blank\" rel=\"noopener\">Core Dance<\/a> (Atlanta, USA). Tout nait une nuit, tr\u00e8s tardivement, sur une balustrade lors de l&rsquo;Annual Meeting d&rsquo;<a style=\"color: #000000;\" href=\"https:\/\/alternateroots.org\/\" target=\"_blank\" rel=\"noopener\">Alternate Roots<\/a>&#8230;<br \/>\n<\/em><\/span><\/p>\n<p><span style=\"color: #000000;\">Nos prochains rdv&#8230;<\/span><\/p>\n<p><span style=\"color: #000000;\"><img loading=\"lazy\" decoding=\"async\" class=\"alignnone size-thumbnail wp-image-707\" src=\"http:\/\/sarahturquety.fr\/wp-content\/uploads\/2022\/08\/Photo-May-27-2-28-03-PM-e1660990409719-150x150.jpg\" alt=\"\" width=\"150\" height=\"150\" \/><\/span><br \/>\n<span style=\"color: #000000;\"><strong>10-15 octobre : Home \u00e0 l&rsquo;abbaye de Beaulieu<\/strong><\/span><br \/>\n<span style=\"color: #000000;\">l&rsquo;\u00e9quipe du film pour 1 soir\u00e9e de performance \u00e0 l&rsquo;occasion de la premi\u00e8re de Home, un film de Sue Schroeder et Adam Larson<\/span><\/p>\n<p>&nbsp;<\/p>\n<p><span style=\"color: #000000;\"><img loading=\"lazy\" decoding=\"async\" class=\"alignnone size-thumbnail wp-image-684\" src=\"http:\/\/sarahturquety.fr\/wp-content\/uploads\/2022\/08\/nYQl7M-Z-e1660834836549-150x150.jpeg\" alt=\"\" width=\"150\" height=\"150\" \/><\/span><br \/>\n<span style=\"color: #000000;\"><strong>5-18 juin 2022<\/strong><\/span><br \/>\n<span style=\"color: #000000;\">Core dance est en voie de cr\u00e9ation d&rsquo;un p\u00f4le international d&rsquo;art et d&rsquo;\u00e9cologie en banlieue de Cracow, en Pologne, <a style=\"color: #000000;\" href=\"http:\/\/rozacentre.org\/\">Roza center<\/a>, avec une \u00e9quipe de \u00ab\u00a0seeds artists\u00a0\u00bb dont je suis. Avant de poser la premi\u00e8re pierre, Sue Schroeder convie des artistes de Pologne, d&rsquo;Allemagne, d&rsquo;Isra\u00ebl, des USA et de France pour \u00ab\u00a0blessing the space through our arts\u00a0\u00bb. Heureuse d&rsquo;\u00eatre convi\u00e9e, tr\u00e8s.<\/span><\/p>\n<p>&nbsp;<\/p>\n<p><span style=\"color: #000000;\"><strong><img loading=\"lazy\" decoding=\"async\" class=\"alignnone size-thumbnail wp-image-706\" src=\"http:\/\/sarahturquety.fr\/wp-content\/uploads\/2022\/08\/Photo-May-24-9-56-18-AM-150x150.jpg\" alt=\"\" width=\"150\" height=\"150\" \/><br \/>\n22-28 mai 2022<br \/>\n<\/strong>Sue Schroeder me convie pour un court m\u00e9trage,<\/span><br \/>\n<span style=\"color: #000000;\">chez moi, \u00e0 St Antonin Noble Val.<\/span><br \/>\n<span style=\"color: #000000;\">7 jours d&rsquo;explorations dans les ruines et la for\u00eat.<\/span><\/p>\n<p>&nbsp;<\/p>\n<p><span style=\"color: #000000;\"><img loading=\"lazy\" decoding=\"async\" class=\"size-thumbnail wp-image-387 alignnone\" src=\"http:\/\/sarahturquety.fr\/wp-content\/uploads\/2019\/09\/DSC09883-e1568121429626-150x150.jpg\" alt=\"\" width=\"150\" height=\"150\" \/><\/span><br \/>\n<span style=\"color: #000000;\"><em><strong>IF<\/strong><\/em><\/span><br \/>\n<span style=\"color: #000000;\">Un spectacle de la Cie Core dance (Atlanta), Christian Meyer \u00e0 la musique, ma voix, mes textes<br \/>\n<strong>9-21 novembre 2019 <\/strong>\/ <a style=\"color: #000000;\" href=\"https:\/\/www.coredance.org\/houston-tx.html\" target=\"_blank\" rel=\"noopener\"><em>I<\/em><em>f<\/em>, <\/a>tourn\u00e9e, Grande-Bretagne<strong><br \/>\n15 octobre 2019<\/strong> \/ <a style=\"color: #000000;\" href=\"https:\/\/www.coredance.org\/houston-tx.html\" target=\"_blank\" rel=\"noopener\"><em>I<\/em><em>f<\/em>, <\/a>Houston, USA<\/span><br \/>\n<span style=\"color: #000000;\"><strong>25 octobre 2019<\/strong> \/<a style=\"color: #000000;\" href=\"https:\/\/www.coredance.org\/conway-ar.html\" target=\"_blank\" rel=\"noopener\"> I<em>f<\/em>,<\/a> Conway, USA<\/span><br \/>\n<span style=\"color: #000000;\"><strong>1er-2 novembre 2019<\/strong> \/<a style=\"color: #000000;\" href=\"https:\/\/www.coredance.org\/atlanta-ga.html\" target=\"_blank\" rel=\"noopener\"> I<em>f<\/em>,<\/a> Atlanta, USA<\/span><\/p>\n","protected":false},"excerpt":{"rendered":"<p>Pr\u00e8s de 10 ans que les rencontres s&rsquo;approfondissent pas \u00e0 pas avec Sue Schroeder et la Cie Core Dance (Atlanta, USA). Tout nait une nuit, tr\u00e8s tardivement, sur une balustrade lors de l&rsquo;Annual Meeting d&rsquo;Alternate&hellip;<\/p>\n","protected":false},"author":1,"featured_media":710,"parent":0,"menu_order":0,"comment_status":"closed","ping_status":"closed","template":"","meta":{"footnotes":""},"class_list":["post-380","page","type-page","status-publish","has-post-thumbnail","hentry","comments-off"],"_links":{"self":[{"href":"https:\/\/sarahturquety.fr\/index.php?rest_route=\/wp\/v2\/pages\/380","targetHints":{"allow":["GET"]}}],"collection":[{"href":"https:\/\/sarahturquety.fr\/index.php?rest_route=\/wp\/v2\/pages"}],"about":[{"href":"https:\/\/sarahturquety.fr\/index.php?rest_route=\/wp\/v2\/types\/page"}],"author":[{"embeddable":true,"href":"https:\/\/sarahturquety.fr\/index.php?rest_route=\/wp\/v2\/users\/1"}],"replies":[{"embeddable":true,"href":"https:\/\/sarahturquety.fr\/index.php?rest_route=%2Fwp%2Fv2%2Fcomments&post=380"}],"version-history":[{"count":10,"href":"https:\/\/sarahturquety.fr\/index.php?rest_route=\/wp\/v2\/pages\/380\/revisions"}],"predecessor-version":[{"id":709,"href":"https:\/\/sarahturquety.fr\/index.php?rest_route=\/wp\/v2\/pages\/380\/revisions\/709"}],"wp:featuredmedia":[{"embeddable":true,"href":"https:\/\/sarahturquety.fr\/index.php?rest_route=\/wp\/v2\/media\/710"}],"wp:attachment":[{"href":"https:\/\/sarahturquety.fr\/index.php?rest_route=%2Fwp%2Fv2%2Fmedia&parent=380"}],"curies":[{"name":"wp","href":"https:\/\/api.w.org\/{rel}","templated":true}]}}