{"id":51,"date":"2018-10-16T10:17:12","date_gmt":"2018-10-16T08:17:12","guid":{"rendered":"http:\/\/sarahturquety.fr\/?page_id=51"},"modified":"2022-08-20T12:38:49","modified_gmt":"2022-08-20T10:38:49","slug":"editions-2","status":"publish","type":"page","link":"https:\/\/sarahturquety.fr\/?page_id=51","title":{"rendered":"\u00e9ditions"},"content":{"rendered":"<p><span style=\"color: #000000;\"><img loading=\"lazy\" decoding=\"async\" class=\"alignnone size-thumbnail wp-image-209\" src=\"http:\/\/sarahturquety.fr\/wp-content\/uploads\/2018\/11\/site-script-album-150x150.jpg\" alt=\"\" width=\"150\" height=\"150\" \/><br \/>\n<\/span><span style=\"color: #000000;\"><a style=\"color: #000000;\" href=\"http:\/\/www.script-album.fr\/\"><strong>Script-album.fr,<\/strong><\/a><\/span><br \/>\n<span style=\"color: #000000;\">Un site issu d&rsquo;un travail de recherches performatif centr\u00e9 autour du langage et de l&rsquo;engagement physique. Un jeu de\u00a0 titres, sous-titres et de tags, une nouvelle oeuvre a\u0300 chaque visite.<\/span><\/p>\n<p>&nbsp;<\/p>\n<p><span style=\"color: #000000;\"><img loading=\"lazy\" decoding=\"async\" class=\"alignnone size-thumbnail wp-image-281\" src=\"http:\/\/sarahturquety.fr\/wp-content\/uploads\/2018\/11\/Capture-d\u2019e\u0301cran-2018-11-21-a\u0300-22.42.30-150x150.png\" alt=\"\" width=\"150\" height=\"150\" \/><br \/>\n<\/span><span style=\"color: #000000;\"><strong><a style=\"color: #000000;\" href=\"http:\/\/pourtours.fr\/\">Pourtours.fr,<\/a> <\/strong>un site-po\u00e8me<\/span><br \/>\n<span style=\"color: #000000;\">Pourtours, pan par pan, met \u00e0 nu les mythes intimes et collectifs. Des continents-textes, des iles-entit\u00e9s : une carte qui s\u2019\u00e9toffe de mois en mois.<\/span><\/p>\n<p>&nbsp;<\/p>\n<p><span style=\"color: #000000;\"><img loading=\"lazy\" decoding=\"async\" class=\"alignnone size-thumbnail wp-image-81\" src=\"http:\/\/sarahturquety.fr\/wp-content\/uploads\/2018\/10\/contre-clf-150x150.jpg\" alt=\"\" width=\"150\" height=\"150\" \/><br \/>\n<\/span><span style=\"color: #000000;\"><a style=\"color: #000000;\" href=\"http:\/\/sarahturquety.fr\/contre-clef\/\"><em><strong>Contre-clef<\/strong><\/em><\/a>, un po\u00e8me-affiche s\u00e9rigraphi\u00e9<\/span><br \/>\n<span style=\"color: #000000;\"><em>Un po\u00e8me qui me hante une nuit \u00e0 Atlanta,<\/em><\/span><br \/>\n<span style=\"color: #000000;\"><em>deux dessins organes par M\u00e9lanie Gabu, <\/em><\/span><br \/>\n<span style=\"color: #000000;\"><em>le tout s\u00e9rigraphi\u00e9 par Trace \u00e0 Concots.<\/em><\/span><\/p>\n<p>&nbsp;<\/p>\n<p><span style=\"color: #000000;\"><strong><img loading=\"lazy\" decoding=\"async\" class=\"alignnone size-thumbnail wp-image-58\" src=\"http:\/\/sarahturquety.fr\/wp-content\/uploads\/2018\/10\/sarah-turquety-SouffleDesPierres_resized-150x150.jpg\" alt=\"\" width=\"150\" height=\"150\" \/><br \/>\n<\/strong><\/span><span style=\"color: #000000;\"><strong><a style=\"color: #000000;\" href=\"http:\/\/sarahturquety.fr\/le-souffle-des-pierres\/\">Le souffle des pierres<\/a>, <\/strong>un livre-cd<\/span><br \/>\n<span style=\"color: #000000;\">Issu d\u2019une premi\u00e8re exploration commune entre Ingrid Obled, compositrice, musicienne, et moi, un texte bouche, une musique poumon.<\/span><\/p>\n","protected":false},"excerpt":{"rendered":"<p>Script-album.fr, Un site issu d&rsquo;un travail de recherches performatif centr\u00e9 autour du langage et de l&rsquo;engagement physique. Un jeu de\u00a0 titres, sous-titres et de tags, une nouvelle oeuvre a\u0300 chaque visite. &nbsp; Pourtours.fr, un site-po\u00e8me&hellip;<\/p>\n","protected":false},"author":1,"featured_media":302,"parent":0,"menu_order":0,"comment_status":"closed","ping_status":"closed","template":"","meta":{"footnotes":""},"class_list":["post-51","page","type-page","status-publish","has-post-thumbnail","hentry","comments-off"],"_links":{"self":[{"href":"https:\/\/sarahturquety.fr\/index.php?rest_route=\/wp\/v2\/pages\/51","targetHints":{"allow":["GET"]}}],"collection":[{"href":"https:\/\/sarahturquety.fr\/index.php?rest_route=\/wp\/v2\/pages"}],"about":[{"href":"https:\/\/sarahturquety.fr\/index.php?rest_route=\/wp\/v2\/types\/page"}],"author":[{"embeddable":true,"href":"https:\/\/sarahturquety.fr\/index.php?rest_route=\/wp\/v2\/users\/1"}],"replies":[{"embeddable":true,"href":"https:\/\/sarahturquety.fr\/index.php?rest_route=%2Fwp%2Fv2%2Fcomments&post=51"}],"version-history":[{"count":10,"href":"https:\/\/sarahturquety.fr\/index.php?rest_route=\/wp\/v2\/pages\/51\/revisions"}],"predecessor-version":[{"id":717,"href":"https:\/\/sarahturquety.fr\/index.php?rest_route=\/wp\/v2\/pages\/51\/revisions\/717"}],"wp:featuredmedia":[{"embeddable":true,"href":"https:\/\/sarahturquety.fr\/index.php?rest_route=\/wp\/v2\/media\/302"}],"wp:attachment":[{"href":"https:\/\/sarahturquety.fr\/index.php?rest_route=%2Fwp%2Fv2%2Fmedia&parent=51"}],"curies":[{"name":"wp","href":"https:\/\/api.w.org\/{rel}","templated":true}]}}