{"id":53,"date":"2018-10-16T10:17:25","date_gmt":"2018-10-16T08:17:25","guid":{"rendered":"http:\/\/sarahturquety.fr\/?page_id=53"},"modified":"2022-08-20T13:07:28","modified_gmt":"2022-08-20T11:07:28","slug":"script-album-3","status":"publish","type":"page","link":"https:\/\/sarahturquety.fr\/?page_id=53","title":{"rendered":"Script-album"},"content":{"rendered":"<h4><span style=\"color: #000000;\">Un projet artistique de recherche \/ corps &#8211; langage<\/span><br \/>\n<span style=\"color: #000000;\">via une installation &#8211; performance participative, <\/span><br \/>\n<span style=\"color: #000000;\">un site, <a style=\"color: #000000;\" href=\"http:\/\/script-album.fr\/\" target=\"_blank\" rel=\"noopener\">script-album.fr<\/a>, des ateliers <\/span><\/h4>\n<p><span style=\"color: #000000;\"><!--more--><\/span><\/p>\n<p><span style=\"color: #000000;\"><em>Script album a \u00e9t\u00e9 soutenu par les <a style=\"color: #000000;\" href=\"https:\/\/www.ateliersmedicis.fr\/\" target=\"_blank\" rel=\"noopener\">Ateliers M\u00e9dicis<\/a> lors d&rsquo;une r\u00e9sidence Cr\u00e9ation en Cours (janvier-juin 2018) et par le centre d&rsquo;art et de design <a style=\"color: #000000;\" href=\"http:\/\/www.la-cuisine.fr\/\" target=\"_blank\" rel=\"noopener\">La cuisine<\/a> (82).<\/em><\/span><\/p>\n<p><iframe loading=\"lazy\" width=\"100%\" height=\"120\" src=\"https:\/\/www.mixcloud.com\/widget\/iframe\/?feed=https%3A%2F%2Fwww.mixcloud.com%2FLa_cuisine%2Fdans-le-ventre-de-la-cuisine-sarah-turquety%2F&amp;hide_cover=1\" frameborder=\"0\"><\/iframe><\/p>\n<p><span style=\"color: #000000;\">Script Album d\u00e9coule de la recherche sur la langue quotidienne que j\u2019ai initi\u00e9e en 2013, en m\u00eame temps que se modifiaient mes habitudes perceptives gr\u00e2ce \u00e0 la pratique intensive de ce que l\u2019on nomme les \u00abarts du corps\u00bb. Script-album questionne les mots pour dire, nous dire, le corps des mots. Il s\u2019agit d\u2019un <strong>recueil de textes, de voix, d\u2019un corpus d\u2019exp\u00e9riences<\/strong>. Moi-m\u00eame po\u00e8te, j\u2019aborde ces enjeux conjointement <strong>par le biais de l\u2019art, de la perception et de la science<\/strong>. Parce que l\u2019usage que l\u2019on fait de la langue est l\u2019enjeu majeur de ce travail, j\u2019ai souhait\u00e9 d\u00e9velopper une forme participative, couplant r\u00e9colte et partage.<\/span><\/p>\n<p><span style=\"color: #000000;\"><strong>Je vais \u00e0 la rencontre<\/strong> de chor\u00e9graphes, de sp\u00e9cialistes de la perception, d\u2019\u00e9crivains, pour les questionner sur l\u2019\u00e9volution de leur approche de la langue. Je m\u00e8ne <strong>des ateliers<\/strong> aupr\u00e8s d\u2019adultes et d\u2019enfants, pour confronter ces r\u00e9flexions, ces exp\u00e9riences du langage \u00e0 un plus large public.<\/span><\/p>\n<p><span style=\"color: #000000;\"><strong>L\u2019installation &#8211; performance participative<\/strong> propose un espace dans lequel s\u2019immerger, prendre et laisser des traces. Lors d\u2019un premier temps de l\u2019ordre de la performance, que je m\u00e8ne seule ou avec d\u2019autres artistes ou participants aux ateliers, un point de la recherche est soulev\u00e9. Ce temps cherche \u00e0 agir sur l\u2019\u00e9tat physique du public, et notamment sur la pr\u00e9sence, la capacit\u00e9 \u00e0 se laisser toucher. Par la suite, le public est invit\u00e9 \u00e0 parcourir l\u2019installation, \u00e0 \u00e9couter, lire des r\u00e9flexions, des textes, \u00e0 se constituer un petit livret, son propre script-album, \u00e0 partir avec. En \u00e9change, il laisse des traces : enregistrements, prises en photo de ses \u00e9crits. En fonction de ce qui se d\u00e9gage du moment v\u00e9cu ensemble, je conclue par un temps performatif.<\/span><\/p>\n<p><span style=\"color: #000000;\">Ce corpus d\u2019exp\u00e9riences, textes, sons est rassembl\u00e9 au sein du site <a style=\"color: #000000;\" href=\"http:\/\/script-album.fr\/\" target=\"_blank\" rel=\"noopener\"><strong>script-album.fr<\/strong>,<\/a> qui s\u2019enrichit de mois en mois. Il a \u00e9t\u00e9 con\u00e7u comme un espace litt\u00e9raire en soi, l\u2019occasion par un jeu de titres, sous-titres et de tag de cr\u00e9er une nouvelle oeuvre \u00e0 chaque visite.<\/span><\/p>\n<p><span style=\"color: #000000;\">Si vous souhaitez en savoir plus, accueillir un atelier, participer aux recherches, contactez sarahturquety@gmail.com<\/span><\/p>\n","protected":false},"excerpt":{"rendered":"<p>Un projet artistique de recherche \/ corps &#8211; langage via une installation &#8211; performance participative, un site, script-album.fr, des ateliers<\/p>\n","protected":false},"author":1,"featured_media":25,"parent":0,"menu_order":0,"comment_status":"closed","ping_status":"closed","template":"","meta":{"footnotes":""},"class_list":["post-53","page","type-page","status-publish","has-post-thumbnail","hentry","comments-off"],"_links":{"self":[{"href":"https:\/\/sarahturquety.fr\/index.php?rest_route=\/wp\/v2\/pages\/53","targetHints":{"allow":["GET"]}}],"collection":[{"href":"https:\/\/sarahturquety.fr\/index.php?rest_route=\/wp\/v2\/pages"}],"about":[{"href":"https:\/\/sarahturquety.fr\/index.php?rest_route=\/wp\/v2\/types\/page"}],"author":[{"embeddable":true,"href":"https:\/\/sarahturquety.fr\/index.php?rest_route=\/wp\/v2\/users\/1"}],"replies":[{"embeddable":true,"href":"https:\/\/sarahturquety.fr\/index.php?rest_route=%2Fwp%2Fv2%2Fcomments&post=53"}],"version-history":[{"count":16,"href":"https:\/\/sarahturquety.fr\/index.php?rest_route=\/wp\/v2\/pages\/53\/revisions"}],"predecessor-version":[{"id":732,"href":"https:\/\/sarahturquety.fr\/index.php?rest_route=\/wp\/v2\/pages\/53\/revisions\/732"}],"wp:featuredmedia":[{"embeddable":true,"href":"https:\/\/sarahturquety.fr\/index.php?rest_route=\/wp\/v2\/media\/25"}],"wp:attachment":[{"href":"https:\/\/sarahturquety.fr\/index.php?rest_route=%2Fwp%2Fv2%2Fmedia&parent=53"}],"curies":[{"name":"wp","href":"https:\/\/api.w.org\/{rel}","templated":true}]}}