{"id":574,"date":"2021-09-09T14:50:03","date_gmt":"2021-09-09T12:50:03","guid":{"rendered":"http:\/\/sarahturquety.fr\/?page_id=574"},"modified":"2026-01-12T09:56:52","modified_gmt":"2026-01-12T08:56:52","slug":"sur-les-epaules-un-fleuve","status":"publish","type":"page","link":"https:\/\/sarahturquety.fr\/?page_id=574","title":{"rendered":"Touchers sauvages"},"content":{"rendered":"<p>En 2022, j\u2019ai entam\u00e9 une r\u00e9flexion autour d\u2019une s\u00e9rie d\u2019exp\u00e9riences physiques li\u00e9es \u00e0 la pression, \u00e0 la traction-compression, aux circulations liquides. J\u2019en ai d\u00e9gag\u00e9 une s\u00e9rie de questions : qu\u2019est-ce qui nous d\u00e9range, nous \u00e9crase, nous rallie, nous apaise, nous pousse \u00e0 agir ? Comment r\u00e9agissons-nous individuellement, collectivement ? Quelles sont nos strat\u00e9gies ? Qu\u2019est-ce qui organiquement nous d\u00e9fait, nous touche et nous enseigne, comment transformons-nous nos r\u00e9ponses ? J\u2019ai intitul\u00e9e cette recherche <em>Touchers Sauvages<\/em>, entre autres parce qu\u2019il s\u2019agit d\u2019un travail sur la relation, comment j\u2019impacte\/nous impactons et je suis\/nous sommes impact\u00e9.e.s par l\u2019autre\/Autre, et ce dans une logique de processus.<br data-rich-text-line-break=\"true\" \/>J\u2019ai mis en jeu ces questions \u00e0 travers une s\u00e9rie de performances pens\u00e9es en fonction des n\u00e9cessit\u00e9s locales, pouvant prendre la forme de propositions-r\u00e9coltes, de cartes sensibles, de partage de r\u00e9cits, de po\u00e8mes, de mises en jeu du corps, d\u2019enregistrements. Depuis le d\u00e9but de cette recherche, les formes de r\u00e9coltes sont travers\u00e9es, transform\u00e9es par des questionnements issus des n\u00e9cessit\u00e9s de terrain : la censure\/l\u2019autocensure, la transformation politique d\u2019un positionnement, l\u2019aveuglement \u00e0 ce que vit l\u2019autre. J\u2019ai gard\u00e9 trace de ce qui s\u2019en d\u00e9gageait dans l\u2019optique de nourrir progressivement la composition d\u2019un ouvrage hybride, une forme d\u2019essai, de manuel pratique, gardant trace d\u2019une p\u00e9riode historique tout en restant inscrit dans une logique de processus.<\/p>\n<p><strong>Premier volet : pression, traction-compression et voies d&rsquo;eau<\/strong><\/p>\n<p><strong>Deuxi\u00e8me volet : c&rsquo;est intime, l&rsquo;amour, le capitalisme<\/strong><\/p>\n","protected":false},"excerpt":{"rendered":"<p>En 2022, j\u2019ai entam\u00e9 une r\u00e9flexion autour d\u2019une s\u00e9rie d\u2019exp\u00e9riences physiques li\u00e9es \u00e0 la pression, \u00e0 la traction-compression, aux circulations liquides. J\u2019en ai d\u00e9gag\u00e9 une s\u00e9rie de questions : qu\u2019est-ce qui nous d\u00e9range, nous \u00e9crase,&hellip;<\/p>\n","protected":false},"author":1,"featured_media":994,"parent":0,"menu_order":0,"comment_status":"closed","ping_status":"closed","template":"","meta":{"footnotes":""},"class_list":["post-574","page","type-page","status-publish","has-post-thumbnail","hentry","comments-off"],"_links":{"self":[{"href":"https:\/\/sarahturquety.fr\/index.php?rest_route=\/wp\/v2\/pages\/574","targetHints":{"allow":["GET"]}}],"collection":[{"href":"https:\/\/sarahturquety.fr\/index.php?rest_route=\/wp\/v2\/pages"}],"about":[{"href":"https:\/\/sarahturquety.fr\/index.php?rest_route=\/wp\/v2\/types\/page"}],"author":[{"embeddable":true,"href":"https:\/\/sarahturquety.fr\/index.php?rest_route=\/wp\/v2\/users\/1"}],"replies":[{"embeddable":true,"href":"https:\/\/sarahturquety.fr\/index.php?rest_route=%2Fwp%2Fv2%2Fcomments&post=574"}],"version-history":[{"count":15,"href":"https:\/\/sarahturquety.fr\/index.php?rest_route=\/wp\/v2\/pages\/574\/revisions"}],"predecessor-version":[{"id":1282,"href":"https:\/\/sarahturquety.fr\/index.php?rest_route=\/wp\/v2\/pages\/574\/revisions\/1282"}],"wp:featuredmedia":[{"embeddable":true,"href":"https:\/\/sarahturquety.fr\/index.php?rest_route=\/wp\/v2\/media\/994"}],"wp:attachment":[{"href":"https:\/\/sarahturquety.fr\/index.php?rest_route=%2Fwp%2Fv2%2Fmedia&parent=574"}],"curies":[{"name":"wp","href":"https:\/\/api.w.org\/{rel}","templated":true}]}}