{"id":583,"date":"2021-11-21T22:06:24","date_gmt":"2021-11-21T21:06:24","guid":{"rendered":"http:\/\/sarahturquety.fr\/?page_id=583"},"modified":"2022-08-20T12:06:02","modified_gmt":"2022-08-20T10:06:02","slug":"corps-de-metier","status":"publish","type":"page","link":"https:\/\/sarahturquety.fr\/?page_id=583","title":{"rendered":"Corps de m\u00e9tier"},"content":{"rendered":"<p><span style=\"color: #000000;\"><strong>Corps de m\u00e9tier 1 \/ Boulang\u00e8res, boulangers<\/strong><\/span><\/p>\n<p><span style=\"color: #000000;\">Corps de m\u00e9tier questionne les usages, les repr\u00e9sentations de soi \u00e0 l\u2019oeuvre dans des m\u00e9tiers reliant l\u2019art et l\u2019artisanat, pour mettre en lumi\u00e8re les actions conjointes de la cr\u00e9ativit\u00e9 et du savoir-faire. Premi\u00e8re \u00e9tape, la boulangerie.<\/span><\/p>\n<p><span style=\"color: #000000;\">Ici, sur nos tables, jour apr\u00e8s jour, du pain. Et derri\u00e8re, des boulangers, des boulang\u00e8res, oeuvrant seules ou en collectif, dans leur fournil ou dans un fournil partag\u00e9, vendant au march\u00e9 ou \u00e0 domicile, produisant parfois leurs farines. Quelles visions du temps, de la douleur, du soin, du plaisir, de la relation aux autres ? Que traduisent les expressions, les fa\u00e7ons de se dire ?<\/span><\/p>\n<p><span style=\"color: #000000;\">Issue d\u2019un processus d\u2019immersion, cette cr\u00e9ation propose une plong\u00e9e les mains dans la p\u00e2te dans la subjectivit\u00e9, l\u2019intimit\u00e9 d\u2019un Corps de m\u00e9tier. Entre sons, r\u00e9cits, et gestes pr\u00e9cis.<\/span><\/p>\n<p><span style=\"color: #000000;\">Cr\u00e9ation textes, corps : Coralie Neuville, Sarah Turquety<\/span><br \/>\n<span style=\"color: #000000;\">Entretiens : Coralie Neuville, Sarah Turquety<\/span><br \/>\n<span style=\"color: #000000;\">Cr\u00e9ation sonore : Sylvain Chateauvieux<\/span><br \/>\n<span style=\"color: #000000;\">avec Coralie Neuville, Sarah Turquety, des boulanger.\u00e8res<\/span><\/p>\n<p><span style=\"color: #000000;\"><strong>Premi\u00e8re : mardi 17 mai 2022 \u00e0 19h, salle des f\u00eates, Penne<\/strong><\/span><\/p>\n","protected":false},"excerpt":{"rendered":"<p>Corps de m\u00e9tier 1 \/ Boulang\u00e8res, boulangers Corps de m\u00e9tier questionne les usages, les repr\u00e9sentations de soi \u00e0 l\u2019oeuvre dans des m\u00e9tiers reliant l\u2019art et l\u2019artisanat, pour mettre en lumi\u00e8re les actions conjointes de la&hellip;<\/p>\n","protected":false},"author":1,"featured_media":608,"parent":0,"menu_order":0,"comment_status":"closed","ping_status":"closed","template":"","meta":{"footnotes":""},"class_list":["post-583","page","type-page","status-publish","has-post-thumbnail","hentry","comments-off"],"_links":{"self":[{"href":"https:\/\/sarahturquety.fr\/index.php?rest_route=\/wp\/v2\/pages\/583","targetHints":{"allow":["GET"]}}],"collection":[{"href":"https:\/\/sarahturquety.fr\/index.php?rest_route=\/wp\/v2\/pages"}],"about":[{"href":"https:\/\/sarahturquety.fr\/index.php?rest_route=\/wp\/v2\/types\/page"}],"author":[{"embeddable":true,"href":"https:\/\/sarahturquety.fr\/index.php?rest_route=\/wp\/v2\/users\/1"}],"replies":[{"embeddable":true,"href":"https:\/\/sarahturquety.fr\/index.php?rest_route=%2Fwp%2Fv2%2Fcomments&post=583"}],"version-history":[{"count":3,"href":"https:\/\/sarahturquety.fr\/index.php?rest_route=\/wp\/v2\/pages\/583\/revisions"}],"predecessor-version":[{"id":704,"href":"https:\/\/sarahturquety.fr\/index.php?rest_route=\/wp\/v2\/pages\/583\/revisions\/704"}],"wp:featuredmedia":[{"embeddable":true,"href":"https:\/\/sarahturquety.fr\/index.php?rest_route=\/wp\/v2\/media\/608"}],"wp:attachment":[{"href":"https:\/\/sarahturquety.fr\/index.php?rest_route=%2Fwp%2Fv2%2Fmedia&parent=583"}],"curies":[{"name":"wp","href":"https:\/\/api.w.org\/{rel}","templated":true}]}}