{"id":78,"date":"2018-10-16T11:22:19","date_gmt":"2018-10-16T09:22:19","guid":{"rendered":"http:\/\/sarahturquety.fr\/?page_id=78"},"modified":"2022-08-20T12:39:50","modified_gmt":"2022-08-20T10:39:50","slug":"pourtours-fr","status":"publish","type":"page","link":"https:\/\/sarahturquety.fr\/?page_id=78","title":{"rendered":"Pourtours.fr"},"content":{"rendered":"<div data-canvas-width=\"578.7706666666666\">\n<p><span style=\"color: #000000;\">Pourtours, pan par pan, met \u00e0 nu les mythes intimes et collectifs, par un coup de marqueur verbal et sonore afin de d\u00e9faire et par l\u00e0 m\u00eame, de relier. Deux chemins d\u2019exploration, intimement li\u00e9s :\u00a0une performance, un site internet, <a style=\"color: #000000;\" href=\"http:\/\/pourtours.fr\/\">pourtours.fr<\/a><em>.<br \/>\n<\/em>Des continents-textes, des iles-entit\u00e9s : une carte qui s\u2019\u00e9toffe de mois en mois. Au gr\u00e9 des influences, des circulations apparaissent, en profondeur, traces de vie, fragments.<\/span><\/p>\n<p><span style=\"color: #000000;\"><em>Pourtours.fr a b\u00e9n\u00e9fici\u00e9 en 2014 d&rsquo;une bourse de soutien d&rsquo;Audiens et en 2016 d&rsquo;une bourse de cr\u00e9ation du Centre R\u00e9gional des Lettres Midi-Pyr\u00e9n\u00e9es.<\/em><\/span><\/p>\n<p style=\"padding-left: 180px;\"><span style=\"color: #000000;\"><em>\u00a0<\/em><\/span><\/p>\n<\/div>\n","protected":false},"excerpt":{"rendered":"<p>Pourtours, pan par pan, met \u00e0 nu les mythes intimes et collectifs, par un coup de marqueur verbal et sonore afin de d\u00e9faire et par l\u00e0 m\u00eame, de relier. Deux chemins d\u2019exploration, intimement li\u00e9s :\u00a0une&hellip;<\/p>\n","protected":false},"author":1,"featured_media":281,"parent":0,"menu_order":0,"comment_status":"closed","ping_status":"closed","template":"","meta":{"footnotes":""},"class_list":["post-78","page","type-page","status-publish","has-post-thumbnail","hentry","comments-off"],"_links":{"self":[{"href":"https:\/\/sarahturquety.fr\/index.php?rest_route=\/wp\/v2\/pages\/78","targetHints":{"allow":["GET"]}}],"collection":[{"href":"https:\/\/sarahturquety.fr\/index.php?rest_route=\/wp\/v2\/pages"}],"about":[{"href":"https:\/\/sarahturquety.fr\/index.php?rest_route=\/wp\/v2\/types\/page"}],"author":[{"embeddable":true,"href":"https:\/\/sarahturquety.fr\/index.php?rest_route=\/wp\/v2\/users\/1"}],"replies":[{"embeddable":true,"href":"https:\/\/sarahturquety.fr\/index.php?rest_route=%2Fwp%2Fv2%2Fcomments&post=78"}],"version-history":[{"count":8,"href":"https:\/\/sarahturquety.fr\/index.php?rest_route=\/wp\/v2\/pages\/78\/revisions"}],"predecessor-version":[{"id":719,"href":"https:\/\/sarahturquety.fr\/index.php?rest_route=\/wp\/v2\/pages\/78\/revisions\/719"}],"wp:featuredmedia":[{"embeddable":true,"href":"https:\/\/sarahturquety.fr\/index.php?rest_route=\/wp\/v2\/media\/281"}],"wp:attachment":[{"href":"https:\/\/sarahturquety.fr\/index.php?rest_route=%2Fwp%2Fv2%2Fmedia&parent=78"}],"curies":[{"name":"wp","href":"https:\/\/api.w.org\/{rel}","templated":true}]}}