{"id":80,"date":"2018-10-16T12:11:34","date_gmt":"2018-10-16T10:11:34","guid":{"rendered":"http:\/\/sarahturquety.fr\/?page_id=80"},"modified":"2022-08-20T12:40:12","modified_gmt":"2022-08-20T10:40:12","slug":"contre-clef","status":"publish","type":"page","link":"https:\/\/sarahturquety.fr\/?page_id=80","title":{"rendered":"Contre-clef"},"content":{"rendered":"<p><span style=\"color: #000000;\"><strong>Un po\u00e8me qui me hante une nuit \u00e0 Atlanta,<br \/>\ndeux dessins organes par M\u00e9lanie Gabu, <\/strong><\/span><br \/>\n<span style=\"color: #000000;\"><strong>le tout s\u00e9rigraphi\u00e9 par Trace \u00e0 Concots.<\/strong><\/span><\/p>\n<p><span style=\"color: #000000;\"><em>\u00c9dition limit\u00e9e, 2017, 10 \u20ac<br \/>\n<\/em><em>A commander : 1 route de Caussade, 82 140 Saint Antonin Noble Val<\/em><\/span><br \/>\n<span style=\"color: #000000;\"><em>Ch\u00e8que libell\u00e9 \u00e0 l\u2019ordre d\u2019en pages en paroles, frais de port inclus<\/em><\/span><\/p>\n<p style=\"padding-left: 30px;\"><span style=\"color: #000000;\"><em>I am a man and the man I am is a man I love<\/em><\/span><br \/>\n<span style=\"color: #000000;\"><em>ce letmotiv sur le plexus<\/em><\/span><br \/>\n<span style=\"color: #000000;\"><em>la t\u00e9l\u00e9\u00a0\u00a0\u00a0 l&rsquo;autoroute\u00a0\u00a0\u00a0 les pales du ventilateur<\/em><\/span><br \/>\n<span style=\"color: #000000;\"><em>ne couvrent pas le poids de l&rsquo;homme sur le plexus<\/em><\/span><br \/>\n<span style=\"color: #000000;\"><em>le roi\u00a0\u00a0\u00a0 je dors dans ses bras<\/em><\/span><br \/>\n<span style=\"color: #000000;\"><em>je suis femme\u00a0\u00a0\u00a0 il est moi<\/em><\/span><br \/>\n<span style=\"color: #000000;\"><em>petite l\u00e8vre entre les miennes<\/em><\/span><br \/>\n<span style=\"color: #000000;\"><em>homme femme de la femme que<\/em><\/span><br \/>\n<span style=\"color: #000000;\"><em>je<\/em><\/span><\/p>\n<p>&nbsp;<\/p>\n<p>&nbsp;<\/p>\n","protected":false},"excerpt":{"rendered":"<p>Un po\u00e8me qui me hante une nuit \u00e0 Atlanta, deux dessins organes par M\u00e9lanie Gabu, le tout s\u00e9rigraphi\u00e9 par Trace \u00e0 Concots. \u00c9dition limit\u00e9e, 2017, 10 \u20ac A commander : 1 route de Caussade, 82&hellip;<\/p>\n","protected":false},"author":1,"featured_media":81,"parent":0,"menu_order":0,"comment_status":"closed","ping_status":"closed","template":"","meta":{"footnotes":""},"class_list":["post-80","page","type-page","status-publish","has-post-thumbnail","hentry","comments-off"],"_links":{"self":[{"href":"https:\/\/sarahturquety.fr\/index.php?rest_route=\/wp\/v2\/pages\/80","targetHints":{"allow":["GET"]}}],"collection":[{"href":"https:\/\/sarahturquety.fr\/index.php?rest_route=\/wp\/v2\/pages"}],"about":[{"href":"https:\/\/sarahturquety.fr\/index.php?rest_route=\/wp\/v2\/types\/page"}],"author":[{"embeddable":true,"href":"https:\/\/sarahturquety.fr\/index.php?rest_route=\/wp\/v2\/users\/1"}],"replies":[{"embeddable":true,"href":"https:\/\/sarahturquety.fr\/index.php?rest_route=%2Fwp%2Fv2%2Fcomments&post=80"}],"version-history":[{"count":5,"href":"https:\/\/sarahturquety.fr\/index.php?rest_route=\/wp\/v2\/pages\/80\/revisions"}],"predecessor-version":[{"id":720,"href":"https:\/\/sarahturquety.fr\/index.php?rest_route=\/wp\/v2\/pages\/80\/revisions\/720"}],"wp:featuredmedia":[{"embeddable":true,"href":"https:\/\/sarahturquety.fr\/index.php?rest_route=\/wp\/v2\/media\/81"}],"wp:attachment":[{"href":"https:\/\/sarahturquety.fr\/index.php?rest_route=%2Fwp%2Fv2%2Fmedia&parent=80"}],"curies":[{"name":"wp","href":"https:\/\/api.w.org\/{rel}","templated":true}]}}