{"id":820,"date":"2022-11-21T14:40:27","date_gmt":"2022-11-21T13:40:27","guid":{"rendered":"http:\/\/sarahturquety.fr\/?page_id=820"},"modified":"2024-01-12T06:02:58","modified_gmt":"2024-01-12T05:02:58","slug":"peau-neuve","status":"publish","type":"page","link":"https:\/\/sarahturquety.fr\/?page_id=820","title":{"rendered":"Peau neuve"},"content":{"rendered":"<h6><span style=\"color: #000000;\"><em>Photos Diane Barbier<\/em><\/span><\/h6>\n<div class=\"page\" title=\"Page 1\">\n<div class=\"section\">\n<div class=\"layoutArea\">\n<div class=\"column\">\n<p><span style=\"color: #000000;\">\u00a0\u00bb A\u0300 l\u2019issue d\u2019une pe\u0301riode d\u2019immersion d\u2019une anne\u0301e, et d\u2019une se\u0301rie de re\u0301sidence, nous regardons la me\u0301nopause non plus seulement comme le deuil de la mise au monde physiologique mais comme l\u2019ouverture a\u0300 une autre forme de cre\u0301ation, diffe\u0301rente mais non moins riche, une aventure extraordinaire, a\u0300 la hauteur de la puberte\u0301, toute a\u0300 la fois effrayante et de\u0301sirable. Excitante. Nous souhaitons questionner l\u2019occultation de la vieillesse, de la mort, l\u2019invisibilisation, l\u2019acharnement contre la femme plus vieille, plus puissante aussi, qu\u2019il est plus simple de contro\u0302ler que de laisser e\u0302tre.\u00a0\u00bb<br \/>\nSarah Turquety, Aurore Lerat, Coralie Neuville<br \/>\n<\/span><\/p>\n<p><span style=\"color: #000000;\">Une cr\u00e9ation autour de la m\u00e9nopause, un processus d&rsquo;immersion de pr\u00e8s d&rsquo;une ann\u00e9e avec 8 femmes, une installation photographique et sonore, une oeuvre th\u00e9\u00e2trale&#8230; Depuis septembre 2022, le d\u00e9ploiement passionnant d&rsquo;une \u00e9tape de la vie des femmes.<\/span><\/p>\n<p><span style=\"color: #000000;\"><strong>Prochains rendez-vous :<\/strong><br \/>\n&#8211; 20-21 janvier 2024 \u00e0 Gaillac : stage \u00e0 la maison des artistes de Gaillac (tous les d\u00e9tails ici)<br \/>\nsuivie d&rsquo;une restitution \u00e0 la m\u00e9diath\u00e8que de Gaillac le dimanche 21 janvier \u00e0 17h<br \/>\n&#8211; jeudi 25 janvier 2024 \u00e0 19 h : sortie de r\u00e9sidence de cr\u00e9ation \u00e0 la Maison des Artistes de Gaillac<br \/>\n&#8211; du 16 avril au 4 mai 2024 : Installation sonore et photographique a\u0300 parcourir a\u0300 la me\u0301diathe\u0300que Ame\u0301lie Galup, Saint Antonin Noble Val<br \/>\n&#8211; Vendredi 26 avril 2024 : performance au sein de l&rsquo;installation, avec Aurore Lerat et Coralie Neuville <\/span><\/p>\n<\/div>\n<\/div>\n<\/div>\n<\/div>\n","protected":false},"excerpt":{"rendered":"<p>Photos Diane Barbier \u00a0\u00bb A\u0300 l\u2019issue d\u2019une pe\u0301riode d\u2019immersion d\u2019une anne\u0301e, et d\u2019une se\u0301rie de re\u0301sidence, nous regardons la me\u0301nopause non plus seulement comme le deuil de la mise au monde physiologique mais comme l\u2019ouverture&hellip;<\/p>\n","protected":false},"author":1,"featured_media":938,"parent":0,"menu_order":0,"comment_status":"closed","ping_status":"closed","template":"","meta":{"footnotes":""},"class_list":["post-820","page","type-page","status-publish","has-post-thumbnail","hentry","comments-off"],"_links":{"self":[{"href":"https:\/\/sarahturquety.fr\/index.php?rest_route=\/wp\/v2\/pages\/820","targetHints":{"allow":["GET"]}}],"collection":[{"href":"https:\/\/sarahturquety.fr\/index.php?rest_route=\/wp\/v2\/pages"}],"about":[{"href":"https:\/\/sarahturquety.fr\/index.php?rest_route=\/wp\/v2\/types\/page"}],"author":[{"embeddable":true,"href":"https:\/\/sarahturquety.fr\/index.php?rest_route=\/wp\/v2\/users\/1"}],"replies":[{"embeddable":true,"href":"https:\/\/sarahturquety.fr\/index.php?rest_route=%2Fwp%2Fv2%2Fcomments&post=820"}],"version-history":[{"count":6,"href":"https:\/\/sarahturquety.fr\/index.php?rest_route=\/wp\/v2\/pages\/820\/revisions"}],"predecessor-version":[{"id":939,"href":"https:\/\/sarahturquety.fr\/index.php?rest_route=\/wp\/v2\/pages\/820\/revisions\/939"}],"wp:featuredmedia":[{"embeddable":true,"href":"https:\/\/sarahturquety.fr\/index.php?rest_route=\/wp\/v2\/media\/938"}],"wp:attachment":[{"href":"https:\/\/sarahturquety.fr\/index.php?rest_route=%2Fwp%2Fv2%2Fmedia&parent=820"}],"curies":[{"name":"wp","href":"https:\/\/api.w.org\/{rel}","templated":true}]}}