{"id":87,"date":"2018-10-16T14:34:31","date_gmt":"2018-10-16T12:34:31","guid":{"rendered":"http:\/\/sarahturquety.fr\/?page_id=87"},"modified":"2022-08-20T12:40:31","modified_gmt":"2022-08-20T10:40:31","slug":"le-souffle-des-pierres","status":"publish","type":"page","link":"https:\/\/sarahturquety.fr\/?page_id=87","title":{"rendered":"Le souffle des pierres"},"content":{"rendered":"<p><span style=\"color: #000000;\"><strong>Un livre-cd issu d&rsquo;une premi\u00e8re exploration commune entre Ingrid Obled et moi, un texte bouche, une musique poumon.<\/strong><br \/>\n<\/span><\/p>\n<p style=\"padding-left: 30px;\"><span style=\"color: #000000;\"><em>Une femme est morte.<\/em><\/span><br \/>\n<span style=\"color: #000000;\"><em>Elle a v\u00e9cu<\/em><\/span><br \/>\n<span style=\"color: #000000;\"><em>elle t&rsquo;a offert son sein<\/em><\/span><br \/>\n<span style=\"color: #000000;\"><em>tu t&rsquo;es noy\u00e9e<\/em><\/span><br \/>\n<span style=\"color: #000000;\"><em>tu n&rsquo;as pas \u00e9tanch\u00e9 ta soif<\/em><\/span><br \/>\n<span style=\"color: #000000;\"><em>tu n&rsquo;as pas bu<\/em><\/span><br \/>\n<span style=\"color: #000000;\"><em>les chants et les rites de sa terre<\/em><\/span><br \/>\n<span style=\"color: #000000;\"><em>ses pierres<\/em><\/span><br \/>\n<span style=\"color: #000000;\"><em>tu n&rsquo;as bu que<\/em><\/span><br \/>\n<span style=\"color: #000000;\"><em>la t\u00e9l\u00e9<\/em><\/span><br \/>\n<span style=\"color: #000000;\"><em>le chat<\/em><\/span><br \/>\n<span style=\"color: #000000;\"><em>la clef<\/em><\/span><br \/>\n<span style=\"color: #000000;\"><em>autour du coup<\/em><\/span><br \/>\n<span style=\"color: #000000;\"><em>tu n&rsquo;avais pas assez soif<\/em><\/span><br \/>\n<span style=\"color: #000000;\"><em>cette femme ne se savait poitrine unique<\/em><\/span><br \/>\n<span style=\"color: #000000;\"><em>elle n&rsquo;a pas fait couler son souffle rouge<\/em><\/span><br \/>\n<span style=\"color: #000000;\"><em>tu n&rsquo;as pas t\u00e9t\u00e9 son sang<\/em><\/span><br \/>\n<span style=\"color: #000000;\"><em>tu as bu la mort de cette femme en plein c\u0153ur<\/em><\/span><\/p>\n<p><span style=\"color: #000000;\">Po\u00e8me et voix : Sarah Turquety<br \/>\nComposition sonore, prises de sons, montage, mixage : <a style=\"color: #000000;\" href=\"http:\/\/ingridobled.com\/\" target=\"_blank\" rel=\"noopener\">Ingrid Obled<\/a><br \/>\nIllustration, graphisme, s\u00e9rigraphie : <a style=\"color: #000000;\" href=\"http:\/\/gaellesandre.com\/\" target=\"_blank\" rel=\"noopener\">Ga\u00eblle Sandr\u00e9<\/a><\/span><br \/>\n<span style=\"color: #000000;\">\u00c9ditions en pages, en paroles, 2010, 13\u2009\u20ac<\/span><\/p>\n<p><span style=\"color: #000000;\"><em>A commander : 1 route de Caussade, 82 140 Saint Antonin Noble Val<\/em><\/span><br \/>\n<span style=\"color: #000000;\"><em>Ch\u00e8que libell\u00e9 \u00e0 l&rsquo;ordre d&rsquo;en pages en paroles, frais de port inclus<\/em><\/span><\/p>\n","protected":false},"excerpt":{"rendered":"<p>Un livre-cd issu d&rsquo;une premi\u00e8re exploration commune entre Ingrid Obled et moi, un texte bouche, une musique poumon. Une femme est morte. Elle a v\u00e9cu elle t&rsquo;a offert son sein tu t&rsquo;es noy\u00e9e tu n&rsquo;as&hellip;<\/p>\n","protected":false},"author":1,"featured_media":60,"parent":0,"menu_order":0,"comment_status":"closed","ping_status":"closed","template":"","meta":{"footnotes":""},"class_list":["post-87","page","type-page","status-publish","has-post-thumbnail","hentry","comments-off"],"_links":{"self":[{"href":"https:\/\/sarahturquety.fr\/index.php?rest_route=\/wp\/v2\/pages\/87","targetHints":{"allow":["GET"]}}],"collection":[{"href":"https:\/\/sarahturquety.fr\/index.php?rest_route=\/wp\/v2\/pages"}],"about":[{"href":"https:\/\/sarahturquety.fr\/index.php?rest_route=\/wp\/v2\/types\/page"}],"author":[{"embeddable":true,"href":"https:\/\/sarahturquety.fr\/index.php?rest_route=\/wp\/v2\/users\/1"}],"replies":[{"embeddable":true,"href":"https:\/\/sarahturquety.fr\/index.php?rest_route=%2Fwp%2Fv2%2Fcomments&post=87"}],"version-history":[{"count":6,"href":"https:\/\/sarahturquety.fr\/index.php?rest_route=\/wp\/v2\/pages\/87\/revisions"}],"predecessor-version":[{"id":309,"href":"https:\/\/sarahturquety.fr\/index.php?rest_route=\/wp\/v2\/pages\/87\/revisions\/309"}],"wp:featuredmedia":[{"embeddable":true,"href":"https:\/\/sarahturquety.fr\/index.php?rest_route=\/wp\/v2\/media\/60"}],"wp:attachment":[{"href":"https:\/\/sarahturquety.fr\/index.php?rest_route=%2Fwp%2Fv2%2Fmedia&parent=87"}],"curies":[{"name":"wp","href":"https:\/\/api.w.org\/{rel}","templated":true}]}}